{"id":143,"date":"2023-06-10T08:21:31","date_gmt":"2023-06-10T08:21:31","guid":{"rendered":"https:\/\/hoplucglobal.com.vn\/vi\/?page_id=143"},"modified":"2023-06-24T14:34:58","modified_gmt":"2023-06-24T14:34:58","slug":"procedures-to-recruit-vietnamese-workers-timeline-schedule","status":"publish","type":"page","link":"https:\/\/hoplucglobal.com.vn\/vi\/procedures-to-recruit-vietnamese-workers-timeline-schedule\/","title":{"rendered":"Th\u1ee7 t\u1ee5c tuy\u1ec3n d\u1ee5ng lao \u0111\u1ed9ng Vi\u1ec7t Nam v\u00e0 l\u1ed9 tr\u00ecnh"},"content":{"rendered":"<h3>TR\u01af\u1edaC KHI TUY\u1ec2N D\u1ee4NG<\/h3>\n<table>\n<tbody>\n<tr>\n<th>\u0110\u1ed0I V\u1edaI CH\u1ee6 S\u1eec D\u1ee4NG LAO \u0110\u1ed8NG<\/th>\n<th>\u0110\u1ed0I V\u1edaI C\u01a0 QUAN TUY\u1ec2N D\u1ee4NG T\u1ea0I VI\u1ec6T NAM<\/th>\n<th>TH\u1edcI GIAN<\/th>\n<\/tr>\n<tr>\n<td>Ch\u1ee7 s\u1eed d\u1ee5ng s\u1ebd c\u1ea7n chu\u1ea9n b\u1ecb c\u00e1c t\u00e0i li\u1ec7u d\u01b0\u1edbi \u0111\u00e2y \u0111\u1ec3 tuy\u1ec3n d\u1ee5ng lao \u0111\u1ed9ng t\u1eeb Vi\u1ec7t Nam:<br \/>\n1. V\u1ecb tr\u00ed tuy\u1ec3n d\u1ee5ng lao \u0111\u1ed9ng n\u01b0\u1edbc ngo\u00e0i.<br \/>\n2. Gi\u1ea5y \u1ee7y quy\u1ec1n (M\u1eabu do c\u01a1 quan tuy\u1ec3n d\u1ee5ng Vi\u1ec7t Nam cung c\u1ea5p).<br \/>\n3. Th\u01b0 y\u00eau c\u1ea7u (M\u1eabu do c\u01a1 quan tuy\u1ec3n d\u1ee5ng Vi\u1ec7t Nam cung c\u1ea5p).<br \/>\n4. H\u1ee3p \u0111\u1ed3ng cung \u1ee9ng (M\u1eabu do c\u01a1 quan tuy\u1ec3n d\u1ee5ng Vi\u1ec7t Nam cung c\u1ea5p).<br \/>\n5. H\u1ee3p \u0111\u1ed3ng lao \u0111\u1ed9ng.<br \/>\n6. H\u1ed3 s\u01a1 c\u00f4ng ty.<br \/>\n7. Gi\u1ea5y ch\u1ee9ng nh\u1eadn \u0111\u0103ng k\u00fd.<br \/>\n8. X\u00e1c nh\u1eadn Th\u00f4ng tin C\u00f4ng ty.<br \/>\n9. B\u1ea3n sao h\u1ed9 chi\u1ebfu c\u1ee7a Ng\u01b0\u1eddi s\u1eed d\u1ee5ng lao \u0111\u1ed9ng.<br \/>\n10. M\u1ed9t s\u1ed1 tranh\/\u1ea3nh v\u1ec1 n\u01a1i l\u00e0m vi\u1ec7c v\u00e0 n\u01a1i \u1edf.<br \/>\n11. Gi\u1ea5y ph\u00e9p lao \u0111\u1ed9ng gi\u1ea5y<\/td>\n<td>\n<p>&#8211; C\u00f4ng ty Vi\u1ec7t Nam s\u1ebd t\u01b0 v\u1ea5n v\u00e0 chu\u1ea9n b\u1ecb c\u00e1c t\u00e0i li\u1ec7u v\u1ec1 th\u1ee7 t\u1ee5c tuy\u1ec3n d\u1ee5ng lao \u0111\u1ed9ng t\u1eeb Vi\u1ec7t Nam, c\u00e1c b\u01b0\u1edbc li\u00ean quan l\u00e0 g\u00ec? M\u1ee9c l\u01b0\u01a1ng mong mu\u1ed1n c\u1ee7a ng\u01b0\u1eddi lao \u0111\u1ed9ng Vi\u1ec7t Nam l\u00e0 bao nhi\u00eau?<\/p>\n<p><span class=\"iconRight\">\u00a0<\/span> V\u1edbi c\u00e1c t\u00e0i li\u1ec7u n\u00eau tr\u00ean do ng\u01b0\u1eddi s\u1eed d\u1ee5ng lao \u0111\u1ed9ng cung c\u1ea5p, C\u01a1 quan c\u00f3 th\u1ea9m quy\u1ec1n t\u1ea1i Vi\u1ec7t Nam s\u1ebd \u0111\u1ec7 tr\u00ecnh to\u00e0n b\u1ed9 h\u1ed3 s\u01a1 l\u00ean B\u1ed9 Lao \u0111\u1ed9ng Vi\u1ec7t Nam \u0111\u1ec3 xin ph\u00ea duy\u1ec7t.<\/p>\n<p><span class=\"iconRight\">\u00a0<\/span> Sau khi nh\u1eadn \u0111\u01b0\u1ee3c s\u1ef1 ch\u1ea5p thu\u1eadn c\u1ee7a ch\u00ednh quy\u1ec1n \u0111\u1ecba ph\u01b0\u01a1ng, ch\u00fang t\u00f4i c\u00f3 th\u1ec3 b\u1eaft \u0111\u1ea7u tuy\u1ec3n d\u1ee5ng<\/p>\n<\/td>\n<td>\n<p>7 &#8211; 15 days duration<\/p>\n<\/td>\n<\/tr>\n<\/tbody>\n<\/table>\n<h3>TUY\u1ec2N D\u1ee4NG\/ PH\u1eceNG V\u1ea4N<\/h3>\n<table style=\"width: 100%; height: 528px;\">\n<tbody>\n<tr style=\"height: 24px;\">\n<th style=\"height: 24px;\">\u0110\u1ed0I V\u1edaI CH\u1ee6 S\u1eec D\u1ee4NG LAO \u0110\u1ed8NG<\/th>\n<th style=\"height: 24px;\">\u0110\u1ed0I V\u1edaI C\u01a0 QUAN TUY\u1ec2N D\u1ee4NG T\u1ea0I VI\u1ec6T NAM<\/th>\n<th style=\"height: 24px;\">TH\u1edcI GIAN<\/th>\n<\/tr>\n<tr style=\"height: 504px;\">\n<td style=\"height: 504px;\">\n<p><strong>Sau khi ch\u1ecdn l\u1ecdc \u0111\u01b0\u1ee3c c\u00e1c \u1ee9ng vi\u00ean \u0111\u1ea1t y\u00eau <\/strong><strong>c\u1ea7u<\/strong>, Nh\u00e0 tuy\u1ec3n d\u1ee5ng c\u00f3 th\u1ec3 ch\u1ecdn m\u1ed9t trong c\u00e1c ph\u01b0\u01a1ng th\u1ee9c tuy\u1ec3n d\u1ee5ng sau:<\/p>\n<p><span class=\"iconRight\">\u00a0<\/span> Ph\u1ecfng v\u1ea5n tr\u1ef1c ti\u1ebfp t\u1ea1i H\u00e0 N\u1ed9i, Vi\u1ec7t Nam.<\/p>\n<p><span class=\"iconRight\">\u00a0<\/span> Ph\u1ecfng v\u1ea5n tr\u1ef1c tuy\u1ebfn\/ Skype.<\/p>\n<p><span class=\"iconRight\">\u00a0<\/span> Quay video.<\/p>\n<\/td>\n<td style=\"height: 504px;\">\n<p>&#8211; C\u01a1 quan tuy\u1ec3n d\u1ee5ng Vi\u1ec7t Nam s\u1ebd s\u1eafp x\u1ebfp c\u00e1ch th\u1ee9c tuy\u1ec3n d\u1ee5ng ph\u00f9 h\u1ee3p v\u1edbi ho\u00e0n c\u1ea3nh <br \/>\nc\u1ee7a b\u1ea1n.<\/p>\n<p><span class=\"iconRight\">\u00a0<\/span> C\u00e1c \u1ee9ng vi\u00ean l\u1ecdt v\u00e0o danh s\u00e1ch s\u1ebd th\u1ef1c hi\u1ec7n.<\/p>\n<p>&#8211; \u0110\u1ec3 \u0111\u00e1p \u1ee9ng y\u00eau c\u1ea7u c\u1ee7a nh\u00e0 tuy\u1ec3n d\u1ee5ng, c\u00f4ng ty ch\u00fang t\u00f4i ph\u1ea3i tuy\u1ec3n ch\u1ecdn lao \u0111\u1ed9ng <br \/>\nk\u1ef9 c\u00e0ng, ch\u1eb7t ch\u1ebd tr\u01b0\u1edbc khi g\u1eedi danh s\u00e1ch nh\u1eefng \u1ee9ng vi\u00ean \u0111\u1ea1t y\u00eau c\u1ea7u \u0111\u1ebfn nh\u00e0 tuy\u1ec3n <br \/>\nd\u1ee5ng \u0111\u1ec3 ph\u1ecfng v\u1ea5n nh\u01b0 sau:<\/p>\n<p><span class=\"iconTick\">\u00a0<\/span> Ng\u01b0\u1eddi lao \u0111\u1ed9ng \u0111\u01b0\u1ee3c s\u00e0ng l\u1ecdc tr\u01b0\u1edbc (bao g\u1ed3m c\u1ea3 ph\u1ecfng v\u1ea5n tr\u1ef1c ti\u1ebfp) t\u1ea1i Ph\u00f2ng Nh\u00e2n s\u1ef1 c\u1ee7a ch\u00fang t\u00f4i. Th\u00f4ng tin c\u1ee7a \u1ee9ng vi\u00ean \u0111\u01b0\u1ee3c l\u01b0u gi\u1eef t\u1ea1i ph\u00f2ng tuy\u1ec3n d\u1ee5ng<\/p>\n<p><span class=\"iconTick\">\u00a0<\/span> Ng\u01b0\u1eddi lao \u0111\u1ed9ng \u0111\u01b0\u1ee3c test th\u1eed xem c\u00f3 \u0111\u1ee7 chuy\u00ean m\u00f4n, n\u0103ng l\u1ef1c \u0111\u1ec3 th\u1ef1c hi\u1ec7n c\u00f4ng vi\u1ec7c theo y\u00eau c\u1ea7u hay kh\u00f4ng.<\/p>\n<p><span class=\"iconTick\">\u00a0<\/span> \u0110\u00e0o t\u1ea1o ngo\u1ea1i ng\u1eef cho ng\u01b0\u1eddi lao \u0111\u1ed9ng khi c\u1ea7n thi\u1ebft.<\/p>\n<p><span class=\"iconTick\">\u00a0<\/span> Ng\u01b0\u1eddi lao \u0111\u1ed9ng \u0111\u01b0\u1ee3c l\u00e0m r\u00f5 v\u00e0 gi\u1ea3i th\u00edch chi ti\u1ebft v\u1ec1 t\u00ednh ch\u1ea5t c\u00f4ng vi\u1ec7c v\u00e0 m\u1ee9c l\u01b0\u01a1ng.<\/p>\n<p><span class=\"iconTick\">\u00a0<\/span> \u0110\u00e0o t\u1ea1o b\u1ed3i d\u01b0\u1ee1ng theo y\u00eau c\u1ea7u c\u1ee7a nh\u00e0 tuy\u1ec3n d\u1ee5ng.<\/p>\n<\/td>\n<td style=\"height: 504px;\">\n<p>7 &#8211; 15 Danh s\u00e1ch ch\u1ecdn l\u1ecdc &amp; th\u1eddi h\u1ea1n tuy\u1ec3n d\u1ee5ng: 30 ng\u00e0y<\/p>\n<\/td>\n<\/tr>\n<\/tbody>\n<\/table>\n<h3>SAU TUY\u1ec2N D\u1ee4NG<\/h3>\n<table>\n<tbody>\n<tr>\n<th>\u0110\u1ed0I V\u1edaI CH\u1ee6 S\u1eec D\u1ee4NG LAO \u0110\u1ed8NG<\/th>\n<th>\u0110\u1ed0I V\u1edaI C\u01a0 QUAN TUY\u1ec2N D\u1ee4NG T\u1ea0I VI\u1ec6T NAM<\/th>\n<th>TH\u1edcI GIAN<\/th>\n<\/tr>\n<tr>\n<td>\n<p><b>B\u01b0\u1edbc 1 <\/b><br \/>\nKhi nh\u1eadn \u0111\u01b0\u1ee3c \u0111\u1ea7y \u0111\u1ee7 h\u1ed3 s\u01a1 c\u1ee7a \u1ee9ng vi\u00ean, Nh\u00e0 tuy\u1ec3n d\u1ee5ng s\u1ebd chu\u1ea9n b\u1ecb c\u00e1c gi\u1ea5y t\u1edd <\/p>\n<p><b>B\u01b0\u1edbc 2 <\/b><br \/>\nB\u1ed1 tr\u00ed \u0111\u01b0a \u0111\u00f3n, \u0103n \u1edf v\u00e0 c\u00e1c c\u00f4ng t\u00e1c chu\u1ea9n <br \/>\nb\u1ecb c\u1ea7n thi\u1ebft kh\u00e1c \u0111\u1ec3 \u0111\u00f3n ng\u01b0\u1eddi lao \u0111\u1ed9ng t\u1eeb <br \/>\nVi\u1ec7t Nam sang<\/p>\n<\/td>\n<td>\n<p><b>B\u01b0\u1edbc 1 <\/b><br \/>\n&#8211; Chu\u1ea9n b\u1ecb b\u1ed9 h\u1ed3 s\u01a1 \u0111\u1ea7y \u0111\u1ee7 cho t\u1ea5t c\u1ea3 c\u00e1c \u1ee9ng vi\u00ean \u0111\u01b0\u1ee3c Nh\u00e0 tuy\u1ec3n d\u1ee5ng l\u1ef1a ch\u1ecdn sau khi ph\u1ecfng v\u1ea5n tuy\u1ec3n ch\u1ecdn:<\/p>\n<p>1. B\u1eb1ng c\u1ea5p\/ch\u1ee9ng ch\u1ec9 li\u00ean quan t\u1ea1i Vi\u1ec7t Nam.<\/p>\n<p>2. Gi\u1ea5y kh\u00e1m s\u1ee9c kh\u1ecfe h\u1ee3p ph\u00e1p h\u00f3a l\u00e3nh s\u1ef1, B\u1ed9 Ngo\u1ea1i giao Vi\u1ec7t Nam.<\/p>\n<p>3. L\u00fd l\u1ecbch t\u01b0 ph\u00e1p \u0111\u01b0\u1ee3c h\u1ee3p ph\u00e1p h\u00f3a b\u1edfi C\u1ee5c L\u00e3nh S\u1ef1, B\u1ed9 Ngo\u1ea1i Giao Vi\u1ec7t Nam.<\/p>\n<p>4. Kinh nghi\u1ec7m l\u00e0m vi\u1ec7c.<\/p>\n<p>5. B\u1ea3n sao h\u1ed9 chi\u1ebfu.<\/p>\n<p>6.M\u1eabu CV c\u00f3 d\u00e1n h\u00ecnh v\u00e0 c\u00f3 ch\u1eef k\u00fd c\u1ee7a ng\u01b0\u1eddi lao \u0111\u1ed9ng.<\/p>\n<p><b>B\u01b0\u1edbc 2 <\/b><br \/>\nD\u1ecbch thu\u1eadt h\u1ed3 s\u01a1 (l\u00fd l\u1ecbch t\u01b0 ph\u00e1p v\u00e0 b\u1eb1ng c\u1ea5p); H\u1ee3p ph\u00e1p h\u00f3a, ch\u1ee9ng th\u1ef1c c\u00e1c lo\u1ea1i gi\u1ea5y t\u1edd (l\u00fd l\u1ecbch t\u01b0 ph\u00e1p, b\u1eb1ng t\u1ed1t nghi\u1ec7p); Atestat cho nghi\u00ean c\u1ee9u t\u01b0\u01a1ng \u0111\u01b0\u01a1ng \/ c\u00f4ng nh\u1eadn<\/p>\n<p><b>B\u01b0\u1edbc 4 <\/b><br \/>\nSau khi nh\u1eadn \u0111\u01b0\u1ee3c gi\u1ea5y ph\u00e9p lao \u0111\u1ed9ng, ch\u00fang t\u00f4i s\u1ebd n\u1ed9p \u0111\u01a1n xin th\u1ecb th\u1ef1c t\u1ea1i \u0110\u1ea1i s\u1ee9 qu\u00e1n t\u1ea1i <br \/>\nVi\u1ec7t Nam. Khi th\u1ecb th\u1ef1c nh\u1eadp c\u1ea3nh \u0111\u00e3 s\u1eb5n s\u00e0ng, ng\u01b0\u1eddi lao \u0111\u1ed9ng s\u1ebd \u0111\u01b0\u1ee3c tri\u1ec3n khai \u0111\u01b0a t\u1edbi l\u00e0m <br \/>\nvi\u1ec7c v\u1edbi Ch\u1ee7 lao \u0111\u1ed9ng.<\/p>\n<\/td>\n<td>\n<p>&#8211; H\u1ed3 s\u01a1 c\u1ee7a lao \u0111\u1ed9ng: 15 ng\u00e0y<\/p>\n<p>&#8211; Xin gi\u1ea5y ph\u00e9p lao \u0111\u1ed9ng: 30 ng\u00e0y (Nl\u0110)<\/p>\n<\/td>\n<\/tr>\n<\/tbody>\n<\/table>\n<div class=\"newsDetail_lhl_1_0_0__note\"><b>L\u01b0u \u00fd:<\/b> T\u1ed5ng th\u1eddi gian d\u1ef1 ki\u1ebfn kho\u1ea3ng 70-90 ng\u00e0y \u0111\u1ec3 \u0111\u01b0a ng\u01b0\u1eddi lao \u0111\u1ed9ng Vi\u1ec7t Nam sang l\u00e0m vi\u1ec7c cho Ng\u01b0\u1eddi s\u1eed d\u1ee5ng lao \u0111\u1ed9ng. Th\u00f4ng th\u01b0\u1eddng t\u1ea5t c\u1ea3 c\u00e1c chi ph\u00ed ph\u00e1t sinh \u1edf n\u01b0\u1edbc ngo\u00e0i s\u1ebd do CH\u1ee6 S\u1eec D\u1ee4NGLAO \u0110\u1ed8NG ch\u1ecbu v\u00e0 ph\u00ed visa s\u1ebd do C\u01a0 QUAN TUY\u1ec2N D\u1ee4NG VI\u1ec6T NAM ch\u1ecbu.<\/div>\n","protected":false},"excerpt":{"rendered":"<p>TR\u01af\u1edaC KHI TUY\u1ec2N D\u1ee4NG \u0110\u1ed0I V\u1edaI CH\u1ee6 S\u1eec D\u1ee4NG LAO \u0110\u1ed8NG \u0110\u1ed0I V\u1edaI C\u01a0 QUAN TUY\u1ec2N D\u1ee4NG T\u1ea0I VI\u1ec6T NAM TH\u1edcI GIAN Ch\u1ee7 s\u1eed d\u1ee5ng s\u1ebd c\u1ea7n chu\u1ea9n b\u1ecb c\u00e1c t\u00e0i li\u1ec7u d\u01b0\u1edbi \u0111\u00e2y \u0111\u1ec3 tuy\u1ec3n d\u1ee5ng lao \u0111\u1ed9ng t\u1eeb Vi\u1ec7t Nam: 1. V\u1ecb tr\u00ed tuy\u1ec3n d\u1ee5ng lao \u0111\u1ed9ng n\u01b0\u1edbc ngo\u00e0i. 2. Gi\u1ea5y \u1ee7y quy\u1ec1n &#8230;<\/p>\n","protected":false},"author":1,"featured_media":0,"parent":0,"menu_order":0,"comment_status":"closed","ping_status":"closed","template":"","meta":{"footnotes":""},"class_list":["post-143","page","type-page","status-publish","hentry"],"acf":[],"yoast_head":"<title>Th\u1ee7 t\u1ee5c tuy\u1ec3n d\u1ee5ng lao \u0111\u1ed9ng Vi\u1ec7t Nam v\u00e0 l\u1ed9 tr\u00ecnh - HOPLUC GLOBAL<\/title>\n<meta name=\"robots\" content=\"index, follow, max-snippet:-1, max-image-preview:large, max-video-preview:-1\" \/>\n<link rel=\"canonical\" href=\"https:\/\/hoplucglobal.com.vn\/vi\/procedures-to-recruit-vietnamese-workers-timeline-schedule\/\" \/>\n<meta property=\"og:locale\" content=\"vi_VN\" \/>\n<meta property=\"og:type\" content=\"article\" \/>\n<meta property=\"og:title\" content=\"Th\u1ee7 t\u1ee5c tuy\u1ec3n d\u1ee5ng lao \u0111\u1ed9ng Vi\u1ec7t Nam v\u00e0 l\u1ed9 tr\u00ecnh - HOPLUC GLOBAL\" \/>\n<meta property=\"og:description\" content=\"TR\u01af\u1edaC KHI TUY\u1ec2N D\u1ee4NG \u0110\u1ed0I V\u1edaI CH\u1ee6 S\u1eec D\u1ee4NG LAO \u0110\u1ed8NG \u0110\u1ed0I V\u1edaI C\u01a0 QUAN TUY\u1ec2N D\u1ee4NG T\u1ea0I VI\u1ec6T NAM TH\u1edcI GIAN Ch\u1ee7 s\u1eed d\u1ee5ng s\u1ebd c\u1ea7n chu\u1ea9n b\u1ecb c\u00e1c t\u00e0i li\u1ec7u d\u01b0\u1edbi \u0111\u00e2y \u0111\u1ec3 tuy\u1ec3n d\u1ee5ng lao \u0111\u1ed9ng t\u1eeb Vi\u1ec7t Nam: 1. V\u1ecb tr\u00ed tuy\u1ec3n d\u1ee5ng lao \u0111\u1ed9ng n\u01b0\u1edbc ngo\u00e0i. 2. Gi\u1ea5y \u1ee7y quy\u1ec1n ...\" \/>\n<meta property=\"og:url\" content=\"https:\/\/hoplucglobal.com.vn\/vi\/procedures-to-recruit-vietnamese-workers-timeline-schedule\/\" \/>\n<meta property=\"og:site_name\" content=\"HOPLUC GLOBAL\" \/>\n<meta property=\"article:modified_time\" content=\"2023-06-24T14:34:58+00:00\" \/>\n<meta name=\"twitter:card\" content=\"summary_large_image\" \/>\n<meta name=\"twitter:label1\" content=\"\u01af\u1edbc t\u00ednh th\u1eddi gian \u0111\u1ecdc\" \/>\n\t<meta name=\"twitter:data1\" content=\"5 ph\u00fat\" \/>\n<script type=\"application\/ld+json\" class=\"yoast-schema-graph\">{\"@context\":\"https:\/\/schema.org\",\"@graph\":[{\"@type\":\"WebPage\",\"@id\":\"https:\/\/hoplucglobal.com.vn\/vi\/procedures-to-recruit-vietnamese-workers-timeline-schedule\/\",\"url\":\"https:\/\/hoplucglobal.com.vn\/vi\/procedures-to-recruit-vietnamese-workers-timeline-schedule\/\",\"name\":\"Th\u1ee7 t\u1ee5c tuy\u1ec3n d\u1ee5ng lao \u0111\u1ed9ng Vi\u1ec7t Nam v\u00e0 l\u1ed9 tr\u00ecnh - HOPLUC GLOBAL\",\"isPartOf\":{\"@id\":\"https:\/\/hoplucglobal.com.vn\/vi\/#website\"},\"datePublished\":\"2023-06-10T08:21:31+00:00\",\"dateModified\":\"2023-06-24T14:34:58+00:00\",\"breadcrumb\":{\"@id\":\"https:\/\/hoplucglobal.com.vn\/vi\/procedures-to-recruit-vietnamese-workers-timeline-schedule\/#breadcrumb\"},\"inLanguage\":\"vi\",\"potentialAction\":[{\"@type\":\"ReadAction\",\"target\":[\"https:\/\/hoplucglobal.com.vn\/vi\/procedures-to-recruit-vietnamese-workers-timeline-schedule\/\"]}]},{\"@type\":\"BreadcrumbList\",\"@id\":\"https:\/\/hoplucglobal.com.vn\/vi\/procedures-to-recruit-vietnamese-workers-timeline-schedule\/#breadcrumb\",\"itemListElement\":[{\"@type\":\"ListItem\",\"position\":1,\"name\":\"Trang ch\u1ee7\",\"item\":\"https:\/\/hoplucglobal.com.vn\/vi\/\"},{\"@type\":\"ListItem\",\"position\":2,\"name\":\"Th\u1ee7 t\u1ee5c tuy\u1ec3n d\u1ee5ng lao \u0111\u1ed9ng Vi\u1ec7t Nam v\u00e0 l\u1ed9 tr\u00ecnh\"}]},{\"@type\":\"WebSite\",\"@id\":\"https:\/\/hoplucglobal.com.vn\/vi\/#website\",\"url\":\"https:\/\/hoplucglobal.com.vn\/vi\/\",\"name\":\"HOPLUC GLOBAL\",\"description\":\"\",\"potentialAction\":[{\"@type\":\"SearchAction\",\"target\":{\"@type\":\"EntryPoint\",\"urlTemplate\":\"https:\/\/hoplucglobal.com.vn\/vi\/?s={search_term_string}\"},\"query-input\":\"required name=search_term_string\"}],\"inLanguage\":\"vi\"}]}<\/script>","yoast_head_json":{"title":"Th\u1ee7 t\u1ee5c tuy\u1ec3n d\u1ee5ng lao \u0111\u1ed9ng Vi\u1ec7t Nam v\u00e0 l\u1ed9 tr\u00ecnh - HOPLUC GLOBAL","robots":{"index":"index","follow":"follow","max-snippet":"max-snippet:-1","max-image-preview":"max-image-preview:large","max-video-preview":"max-video-preview:-1"},"canonical":"https:\/\/hoplucglobal.com.vn\/vi\/procedures-to-recruit-vietnamese-workers-timeline-schedule\/","og_locale":"vi_VN","og_type":"article","og_title":"Th\u1ee7 t\u1ee5c tuy\u1ec3n d\u1ee5ng lao \u0111\u1ed9ng Vi\u1ec7t Nam v\u00e0 l\u1ed9 tr\u00ecnh - HOPLUC GLOBAL","og_description":"TR\u01af\u1edaC KHI TUY\u1ec2N D\u1ee4NG \u0110\u1ed0I V\u1edaI CH\u1ee6 S\u1eec D\u1ee4NG LAO \u0110\u1ed8NG \u0110\u1ed0I V\u1edaI C\u01a0 QUAN TUY\u1ec2N D\u1ee4NG T\u1ea0I VI\u1ec6T NAM TH\u1edcI GIAN Ch\u1ee7 s\u1eed d\u1ee5ng s\u1ebd c\u1ea7n chu\u1ea9n b\u1ecb c\u00e1c t\u00e0i li\u1ec7u d\u01b0\u1edbi \u0111\u00e2y \u0111\u1ec3 tuy\u1ec3n d\u1ee5ng lao \u0111\u1ed9ng t\u1eeb Vi\u1ec7t Nam: 1. V\u1ecb tr\u00ed tuy\u1ec3n d\u1ee5ng lao \u0111\u1ed9ng n\u01b0\u1edbc ngo\u00e0i. 2. Gi\u1ea5y \u1ee7y quy\u1ec1n ...","og_url":"https:\/\/hoplucglobal.com.vn\/vi\/procedures-to-recruit-vietnamese-workers-timeline-schedule\/","og_site_name":"HOPLUC GLOBAL","article_modified_time":"2023-06-24T14:34:58+00:00","twitter_card":"summary_large_image","twitter_misc":{"\u01af\u1edbc t\u00ednh th\u1eddi gian \u0111\u1ecdc":"5 ph\u00fat"},"schema":{"@context":"https:\/\/schema.org","@graph":[{"@type":"WebPage","@id":"https:\/\/hoplucglobal.com.vn\/vi\/procedures-to-recruit-vietnamese-workers-timeline-schedule\/","url":"https:\/\/hoplucglobal.com.vn\/vi\/procedures-to-recruit-vietnamese-workers-timeline-schedule\/","name":"Th\u1ee7 t\u1ee5c tuy\u1ec3n d\u1ee5ng lao \u0111\u1ed9ng Vi\u1ec7t Nam v\u00e0 l\u1ed9 tr\u00ecnh - HOPLUC GLOBAL","isPartOf":{"@id":"https:\/\/hoplucglobal.com.vn\/vi\/#website"},"datePublished":"2023-06-10T08:21:31+00:00","dateModified":"2023-06-24T14:34:58+00:00","breadcrumb":{"@id":"https:\/\/hoplucglobal.com.vn\/vi\/procedures-to-recruit-vietnamese-workers-timeline-schedule\/#breadcrumb"},"inLanguage":"vi","potentialAction":[{"@type":"ReadAction","target":["https:\/\/hoplucglobal.com.vn\/vi\/procedures-to-recruit-vietnamese-workers-timeline-schedule\/"]}]},{"@type":"BreadcrumbList","@id":"https:\/\/hoplucglobal.com.vn\/vi\/procedures-to-recruit-vietnamese-workers-timeline-schedule\/#breadcrumb","itemListElement":[{"@type":"ListItem","position":1,"name":"Trang ch\u1ee7","item":"https:\/\/hoplucglobal.com.vn\/vi\/"},{"@type":"ListItem","position":2,"name":"Th\u1ee7 t\u1ee5c tuy\u1ec3n d\u1ee5ng lao \u0111\u1ed9ng Vi\u1ec7t Nam v\u00e0 l\u1ed9 tr\u00ecnh"}]},{"@type":"WebSite","@id":"https:\/\/hoplucglobal.com.vn\/vi\/#website","url":"https:\/\/hoplucglobal.com.vn\/vi\/","name":"HOPLUC GLOBAL","description":"","potentialAction":[{"@type":"SearchAction","target":{"@type":"EntryPoint","urlTemplate":"https:\/\/hoplucglobal.com.vn\/vi\/?s={search_term_string}"},"query-input":"required name=search_term_string"}],"inLanguage":"vi"}]}},"_links":{"self":[{"href":"https:\/\/hoplucglobal.com.vn\/vi\/wp-json\/wp\/v2\/pages\/143","targetHints":{"allow":["GET"]}}],"collection":[{"href":"https:\/\/hoplucglobal.com.vn\/vi\/wp-json\/wp\/v2\/pages"}],"about":[{"href":"https:\/\/hoplucglobal.com.vn\/vi\/wp-json\/wp\/v2\/types\/page"}],"author":[{"embeddable":true,"href":"https:\/\/hoplucglobal.com.vn\/vi\/wp-json\/wp\/v2\/users\/1"}],"replies":[{"embeddable":true,"href":"https:\/\/hoplucglobal.com.vn\/vi\/wp-json\/wp\/v2\/comments?post=143"}],"version-history":[{"count":7,"href":"https:\/\/hoplucglobal.com.vn\/vi\/wp-json\/wp\/v2\/pages\/143\/revisions"}],"predecessor-version":[{"id":228,"href":"https:\/\/hoplucglobal.com.vn\/vi\/wp-json\/wp\/v2\/pages\/143\/revisions\/228"}],"wp:attachment":[{"href":"https:\/\/hoplucglobal.com.vn\/vi\/wp-json\/wp\/v2\/media?parent=143"}],"curies":[{"name":"wp","href":"https:\/\/api.w.org\/{rel}","templated":true}]}}