{"id":128,"date":"2023-06-10T08:03:12","date_gmt":"2023-06-10T08:03:12","guid":{"rendered":"https:\/\/hoplucglobal.com.vn\/vi\/?page_id=128"},"modified":"2023-06-24T14:05:03","modified_gmt":"2023-06-24T14:05:03","slug":"why-choose-hopluc-global","status":"publish","type":"page","link":"https:\/\/hoplucglobal.com.vn\/vi\/why-choose-hopluc-global\/","title":{"rendered":"T\u1ea1i sao ch\u1ecdn Hopluc global?"},"content":{"rendered":"<p><strong>M\u1ed9t \u0111i\u1ec3m \u0111\u1ebfn &#8211; M\u1ecdi nhu c\u1ea7u<\/strong><br \/>\n<b style=\"color: #00a550;\">H\u1ee3p L\u1ef1c To\u00e0n C\u1ea7u<\/b> \u0111\u00e3 x\u00e2y d\u1ef1ng \u0111\u01b0\u1ee3c m\u1ea1ng l\u01b0\u1edbi \u1ee9ng vi\u00ean r\u1ed9ng kh\u1eafp Vi\u1ec7t Nam trong 20 n\u0103m ho\u1ea1t \u0111\u1ed9ng. Ch\u00fang t\u00f4i t\u1ef1 tin \u0111\u00e1p \u1ee9ng m\u1ecdi nhu c\u1ea7u v\u1ec1 nh\u00e2n l\u1ef1c v\u1edbi m\u1ecdi ph\u00e2n c\u1ea5p kinh nghi\u1ec7m c\u1ee7a c\u00e1c lo\u1ea1i h\u00ecnh c\u00f4ng vi\u1ec7c.<\/p>\n<p><strong>Kinh nghi\u1ec7m ng\u00e0nh ngh\u1ec1<\/strong> C\u00f4ng ty ch\u00fang t\u00f4i \u0111\u01b0\u1ee3c th\u00e0nh l\u1eadp v\u00e0o n\u0103m 2021 b\u1edfi m\u1ed9t Nh\u00f3m c\u00e1c Chuy\u00ean gia c\u00f3 chuy\u00ean m\u00f4n s\u00e2u v\u00e0 kinh nghi\u1ec7m d\u00e0y d\u1eb7n trong ng\u00e0nh nh\u00e2n s\u1ef1 &amp; x\u00e2y d\u1ef1ng c\u01a1 s\u1edf h\u1ea1 t\u1ea7ng C\u00f4ng nghi\u1ec7p c\u1ee7a Vi\u1ec7t Nam v\u1edbi tr\u00ean 10 n\u0103m kinh nghi\u1ec7m.<\/p>\n<p><strong>Chuy\u00ean gia trong ng\u00e0nh tuy\u1ec3n d\u1ee5ng<\/strong> Ch\u00fang t\u00f4i l\u00e0 chuy\u00ean gia trong vi\u1ec7c t\u00ecm ki\u1ebfm \u201c\u0110\u00fang ng\u01b0\u1eddi- \u0110\u00fang n\u01a1i- \u0110\u00fang th\u1eddi \u0111i\u1ec3m- \u0110\u00fang vi\u1ec7c\u201d. Ch\u00fang t\u00f4i lu\u00f4n <br \/>\nh\u1ee3p t\u00e1c v\u1edbi kh\u00e1ch h\u00e0ng c\u1ee7a m\u00ecnh \u0111\u1ec3 t\u00ecm ra ngu\u1ed3n nh\u00e2n l\u1ef1c t\u1ed1t v\u00e0 ph\u00f9 h\u1ee3p nh\u1ea5t cho c\u00e1c y\u00eau c\u1ea7u c\u1ee5 th\u1ec3 c\u1ee7a h\u1ecd.<\/p>\n<p><strong>\u0110\u1ed9i ng\u0169 chuy\u00ean nghi\u1ec7p<\/strong> C\u00f4ng ty ch\u00fang t\u00f4i c\u00f3 c\u00e1c nh\u00f3m tuy\u1ec3n d\u1ee5ng t\u1eadn t\u00e2m v\u1edbi chuy\u00ean m\u00f4n s\u00e2u r\u1ed9ng c\u00f9ng v\u1edbi kinh nghi\u1ec7m r\u1ed9ng l\u1edbn \u0111\u1ec3 th\u1ef1c hi\u1ec7n c\u00e1c quy tr\u00ecnh t\u00ecm ngu\u1ed3n cung \u1ee9ng, thu th\u1eadp v\u00e0 l\u1ef1a ch\u1ecdn nh\u00e2n l\u1ef1c t\u1ed1t nh\u1ea5t cho c\u00e1c kh\u00e1ch h\u00e0ng<\/p>\n<p><strong>Trung t\u00e2m \u0111\u00e0o t\u1ea1o ngo\u1ea1i ng\u1eef v\u00e0 \u0111\u00e0o t\u1ea1o ngh\u1ec1<\/strong>\u00a0Ch\u00fang t\u00f4i c\u00f3 c\u01a1 s\u1edf h\u1ea1 t\u1ea7ng tuy\u1ec7t v\u1eddi bao g\u1ed3m: Tr\u01b0\u1eddng d\u1ea1y ngh\u1ec1 v\u00e0 c\u00e1c trung t\u00e2m &amp; c\u01a1 s\u1edf ki\u1ec3m tra th\u01b0\u01a1ng m\u1ea1i \u0111\u01b0\u1ee3c trang b\u1ecb \u0111\u1ea7y \u0111\u1ee7 \u1edf mi\u1ec1n B\u1eafc, mi\u1ec1n Trung v\u00e0 mi\u1ec1n Nam Vi\u1ec7t Nam.<\/p>\n<p><strong>Chi\u1ebfn l\u01b0\u1ee3c tuy\u1ec3n d\u1ee5ng cao c\u1ea5p<\/strong> C\u00f4ng ty c\u00f3 chi\u1ebfn l\u01b0\u1ee3c t\u00ecm ngu\u1ed3n cung \u1ee9ng to\u00e0n di\u1ec7n bao g\u1ed3m c\u00e1c h\u00ecnh th\u1ee9c t\u00ecm ngu\u1ed3n cung \u1ee9ng ti\u00eau chu\u1ea9n c\u0169ng nh\u01b0 c\u00e1c gi\u1ea3i ph\u00e1p s\u00e1ng t\u1ea1o \u0111\u1ec3 thu h\u00fat nh\u1eefng \u1ee9ng vi\u00ean ph\u00f9 h\u1ee3p nh\u1ea5t trong Th\u1ecb tr\u01b0\u1eddng Lao \u0111\u1ed9ng Vi\u1ec7t Nam hi\u1ec7n nay.<\/p>\n<p><strong>\u0110a d\u1ea1ng h\u1ed3 s\u01a1 \u1ee9ng vi\u00ean<\/strong> C\u00f4ng ty s\u1edf h\u1eefu m\u1ea1ng l\u01b0\u1edbi tuy\u1ec3n d\u1ee5ng chuy\u00ean nghi\u1ec7p tr\u1ea3i r\u1ed9ng tr\u00ean kh\u1eafp 64 t\u1ec9nh th\u00e0nh c\u1ee7a Vi\u1ec7t Nam gi\u00fap d\u1ec5 d\u00e0ng c\u00f3 \u0111\u01b0\u1ee3c d\u1eef li\u1ec7u phong ph\u00fa v\u1ec1 c\u00e1c \u1ee9ng vi\u00ean c\u00f3 s\u1eb5n \u0111\u1ec3 \u0111\u00e1p \u1ee9ng nhu c\u1ea7u c\u1ee7a kh\u00e1ch h\u00e0ng trong th\u1eddi gian ng\u1eafn nh\u1ea5t.<\/p>\n<p><strong>Ti\u1ebft ki\u1ec7m chi ph\u00ed v\u00e0 th\u1eddi gian<\/strong> C\u00f4ng ty cung c\u1ea5p c\u00e1c gi\u1ea3i ph\u00e1p nh\u00e2n l\u1ef1c t\u00e2n ti\u1ebfn v\u00e0 hi\u1ec7u qu\u1ea3 \u0111\u1ec3 gi\u00fap b\u1ea1n ti\u1ebft ki\u1ec7m th\u1eddi gian, ti\u1ec1n b\u1ea1c v\u00e0 c\u00f4ng s\u1ee9c trong c\u00e1c chi\u1ebfn d\u1ecbch tuy\u1ec3n d\u1ee5ng. Trong khi ch\u00fang t\u00f4i t\u00ecm ki\u1ebfm v\u00e0 ch\u1ecdn l\u1ef1a nh\u00e2n l\u1ef1c b\u1ea1n mong mu\u1ed1n, b\u1ea1n ch\u1ec9 c\u1ea7n t\u1eadp trung v\u00e0o ho\u1ea1t \u0111\u1ed9ng kinh doanh c\u1ed1t l\u00f5i c\u1ee7a m\u00ecnh.<\/p>\n","protected":false},"excerpt":{"rendered":"<p>M\u1ed9t \u0111i\u1ec3m \u0111\u1ebfn &#8211; M\u1ecdi nhu c\u1ea7u H\u1ee3p L\u1ef1c To\u00e0n C\u1ea7u \u0111\u00e3 x\u00e2y d\u1ef1ng \u0111\u01b0\u1ee3c m\u1ea1ng l\u01b0\u1edbi \u1ee9ng vi\u00ean r\u1ed9ng kh\u1eafp Vi\u1ec7t Nam trong 20 n\u0103m ho\u1ea1t \u0111\u1ed9ng. Ch\u00fang t\u00f4i t\u1ef1 tin \u0111\u00e1p \u1ee9ng m\u1ecdi nhu c\u1ea7u v\u1ec1 nh\u00e2n l\u1ef1c v\u1edbi m\u1ecdi ph\u00e2n c\u1ea5p kinh nghi\u1ec7m c\u1ee7a c\u00e1c lo\u1ea1i h\u00ecnh c\u00f4ng vi\u1ec7c. Kinh nghi\u1ec7m ng\u00e0nh &#8230;<\/p>\n","protected":false},"author":1,"featured_media":0,"parent":0,"menu_order":0,"comment_status":"closed","ping_status":"closed","template":"","meta":{"footnotes":""},"class_list":["post-128","page","type-page","status-publish","hentry"],"acf":[],"yoast_head":"<title>T\u1ea1i sao ch\u1ecdn Hopluc global? - HOPLUC GLOBAL<\/title>\n<meta name=\"robots\" content=\"index, follow, max-snippet:-1, max-image-preview:large, max-video-preview:-1\" \/>\n<link rel=\"canonical\" href=\"https:\/\/hoplucglobal.com.vn\/vi\/why-choose-hopluc-global\/\" \/>\n<meta property=\"og:locale\" content=\"vi_VN\" \/>\n<meta property=\"og:type\" content=\"article\" \/>\n<meta property=\"og:title\" content=\"T\u1ea1i sao ch\u1ecdn Hopluc global? - HOPLUC GLOBAL\" \/>\n<meta property=\"og:description\" content=\"M\u1ed9t \u0111i\u1ec3m \u0111\u1ebfn &#8211; M\u1ecdi nhu c\u1ea7u H\u1ee3p L\u1ef1c To\u00e0n C\u1ea7u \u0111\u00e3 x\u00e2y d\u1ef1ng \u0111\u01b0\u1ee3c m\u1ea1ng l\u01b0\u1edbi \u1ee9ng vi\u00ean r\u1ed9ng kh\u1eafp Vi\u1ec7t Nam trong 20 n\u0103m ho\u1ea1t \u0111\u1ed9ng. Ch\u00fang t\u00f4i t\u1ef1 tin \u0111\u00e1p \u1ee9ng m\u1ecdi nhu c\u1ea7u v\u1ec1 nh\u00e2n l\u1ef1c v\u1edbi m\u1ecdi ph\u00e2n c\u1ea5p kinh nghi\u1ec7m c\u1ee7a c\u00e1c lo\u1ea1i h\u00ecnh c\u00f4ng vi\u1ec7c. Kinh nghi\u1ec7m ng\u00e0nh ...\" \/>\n<meta property=\"og:url\" content=\"https:\/\/hoplucglobal.com.vn\/vi\/why-choose-hopluc-global\/\" \/>\n<meta property=\"og:site_name\" content=\"HOPLUC GLOBAL\" \/>\n<meta property=\"article:modified_time\" content=\"2023-06-24T14:05:03+00:00\" \/>\n<meta name=\"twitter:card\" content=\"summary_large_image\" \/>\n<meta name=\"twitter:label1\" content=\"\u01af\u1edbc t\u00ednh th\u1eddi gian \u0111\u1ecdc\" \/>\n\t<meta name=\"twitter:data1\" content=\"3 ph\u00fat\" \/>\n<script type=\"application\/ld+json\" class=\"yoast-schema-graph\">{\"@context\":\"https:\/\/schema.org\",\"@graph\":[{\"@type\":\"WebPage\",\"@id\":\"https:\/\/hoplucglobal.com.vn\/vi\/why-choose-hopluc-global\/\",\"url\":\"https:\/\/hoplucglobal.com.vn\/vi\/why-choose-hopluc-global\/\",\"name\":\"T\u1ea1i sao ch\u1ecdn Hopluc global? - HOPLUC GLOBAL\",\"isPartOf\":{\"@id\":\"https:\/\/hoplucglobal.com.vn\/vi\/#website\"},\"datePublished\":\"2023-06-10T08:03:12+00:00\",\"dateModified\":\"2023-06-24T14:05:03+00:00\",\"breadcrumb\":{\"@id\":\"https:\/\/hoplucglobal.com.vn\/vi\/why-choose-hopluc-global\/#breadcrumb\"},\"inLanguage\":\"vi\",\"potentialAction\":[{\"@type\":\"ReadAction\",\"target\":[\"https:\/\/hoplucglobal.com.vn\/vi\/why-choose-hopluc-global\/\"]}]},{\"@type\":\"BreadcrumbList\",\"@id\":\"https:\/\/hoplucglobal.com.vn\/vi\/why-choose-hopluc-global\/#breadcrumb\",\"itemListElement\":[{\"@type\":\"ListItem\",\"position\":1,\"name\":\"Trang ch\u1ee7\",\"item\":\"https:\/\/hoplucglobal.com.vn\/vi\/\"},{\"@type\":\"ListItem\",\"position\":2,\"name\":\"T\u1ea1i sao ch\u1ecdn Hopluc global?\"}]},{\"@type\":\"WebSite\",\"@id\":\"https:\/\/hoplucglobal.com.vn\/vi\/#website\",\"url\":\"https:\/\/hoplucglobal.com.vn\/vi\/\",\"name\":\"HOPLUC GLOBAL\",\"description\":\"\",\"potentialAction\":[{\"@type\":\"SearchAction\",\"target\":{\"@type\":\"EntryPoint\",\"urlTemplate\":\"https:\/\/hoplucglobal.com.vn\/vi\/?s={search_term_string}\"},\"query-input\":\"required name=search_term_string\"}],\"inLanguage\":\"vi\"}]}<\/script>","yoast_head_json":{"title":"T\u1ea1i sao ch\u1ecdn Hopluc global? - HOPLUC GLOBAL","robots":{"index":"index","follow":"follow","max-snippet":"max-snippet:-1","max-image-preview":"max-image-preview:large","max-video-preview":"max-video-preview:-1"},"canonical":"https:\/\/hoplucglobal.com.vn\/vi\/why-choose-hopluc-global\/","og_locale":"vi_VN","og_type":"article","og_title":"T\u1ea1i sao ch\u1ecdn Hopluc global? - HOPLUC GLOBAL","og_description":"M\u1ed9t \u0111i\u1ec3m \u0111\u1ebfn &#8211; M\u1ecdi nhu c\u1ea7u H\u1ee3p L\u1ef1c To\u00e0n C\u1ea7u \u0111\u00e3 x\u00e2y d\u1ef1ng \u0111\u01b0\u1ee3c m\u1ea1ng l\u01b0\u1edbi \u1ee9ng vi\u00ean r\u1ed9ng kh\u1eafp Vi\u1ec7t Nam trong 20 n\u0103m ho\u1ea1t \u0111\u1ed9ng. Ch\u00fang t\u00f4i t\u1ef1 tin \u0111\u00e1p \u1ee9ng m\u1ecdi nhu c\u1ea7u v\u1ec1 nh\u00e2n l\u1ef1c v\u1edbi m\u1ecdi ph\u00e2n c\u1ea5p kinh nghi\u1ec7m c\u1ee7a c\u00e1c lo\u1ea1i h\u00ecnh c\u00f4ng vi\u1ec7c. Kinh nghi\u1ec7m ng\u00e0nh ...","og_url":"https:\/\/hoplucglobal.com.vn\/vi\/why-choose-hopluc-global\/","og_site_name":"HOPLUC GLOBAL","article_modified_time":"2023-06-24T14:05:03+00:00","twitter_card":"summary_large_image","twitter_misc":{"\u01af\u1edbc t\u00ednh th\u1eddi gian \u0111\u1ecdc":"3 ph\u00fat"},"schema":{"@context":"https:\/\/schema.org","@graph":[{"@type":"WebPage","@id":"https:\/\/hoplucglobal.com.vn\/vi\/why-choose-hopluc-global\/","url":"https:\/\/hoplucglobal.com.vn\/vi\/why-choose-hopluc-global\/","name":"T\u1ea1i sao ch\u1ecdn Hopluc global? - HOPLUC GLOBAL","isPartOf":{"@id":"https:\/\/hoplucglobal.com.vn\/vi\/#website"},"datePublished":"2023-06-10T08:03:12+00:00","dateModified":"2023-06-24T14:05:03+00:00","breadcrumb":{"@id":"https:\/\/hoplucglobal.com.vn\/vi\/why-choose-hopluc-global\/#breadcrumb"},"inLanguage":"vi","potentialAction":[{"@type":"ReadAction","target":["https:\/\/hoplucglobal.com.vn\/vi\/why-choose-hopluc-global\/"]}]},{"@type":"BreadcrumbList","@id":"https:\/\/hoplucglobal.com.vn\/vi\/why-choose-hopluc-global\/#breadcrumb","itemListElement":[{"@type":"ListItem","position":1,"name":"Trang ch\u1ee7","item":"https:\/\/hoplucglobal.com.vn\/vi\/"},{"@type":"ListItem","position":2,"name":"T\u1ea1i sao ch\u1ecdn Hopluc global?"}]},{"@type":"WebSite","@id":"https:\/\/hoplucglobal.com.vn\/vi\/#website","url":"https:\/\/hoplucglobal.com.vn\/vi\/","name":"HOPLUC GLOBAL","description":"","potentialAction":[{"@type":"SearchAction","target":{"@type":"EntryPoint","urlTemplate":"https:\/\/hoplucglobal.com.vn\/vi\/?s={search_term_string}"},"query-input":"required name=search_term_string"}],"inLanguage":"vi"}]}},"_links":{"self":[{"href":"https:\/\/hoplucglobal.com.vn\/vi\/wp-json\/wp\/v2\/pages\/128","targetHints":{"allow":["GET"]}}],"collection":[{"href":"https:\/\/hoplucglobal.com.vn\/vi\/wp-json\/wp\/v2\/pages"}],"about":[{"href":"https:\/\/hoplucglobal.com.vn\/vi\/wp-json\/wp\/v2\/types\/page"}],"author":[{"embeddable":true,"href":"https:\/\/hoplucglobal.com.vn\/vi\/wp-json\/wp\/v2\/users\/1"}],"replies":[{"embeddable":true,"href":"https:\/\/hoplucglobal.com.vn\/vi\/wp-json\/wp\/v2\/comments?post=128"}],"version-history":[{"count":4,"href":"https:\/\/hoplucglobal.com.vn\/vi\/wp-json\/wp\/v2\/pages\/128\/revisions"}],"predecessor-version":[{"id":218,"href":"https:\/\/hoplucglobal.com.vn\/vi\/wp-json\/wp\/v2\/pages\/128\/revisions\/218"}],"wp:attachment":[{"href":"https:\/\/hoplucglobal.com.vn\/vi\/wp-json\/wp\/v2\/media?parent=128"}],"curies":[{"name":"wp","href":"https:\/\/api.w.org\/{rel}","templated":true}]}}